{"id":57266,"date":"2022-01-10T22:30:06","date_gmt":"2022-01-10T21:30:06","guid":{"rendered":"https:\/\/elchorrito.es\/politique-de-confidentialite\/"},"modified":"2022-07-27T21:31:57","modified_gmt":"2022-07-27T20:31:57","slug":"politique-de-confidentialite","status":"publish","type":"page","link":"https:\/\/elchorrito.es\/fr\/politique-de-confidentialite\/","title":{"rendered":"Politique de Confidentialit\u00e9"},"content":{"rendered":"\t\t<div data-elementor-type=\"wp-page\" data-elementor-id=\"57266\" class=\"elementor elementor-57266 elementor-25203\">\n\t\t\t\t\t\t<section class=\"elementor-section elementor-top-section elementor-element elementor-element-479fece elementor-section-boxed elementor-section-height-default elementor-section-height-default\" data-id=\"479fece\" data-element_type=\"section\">\n\t\t\t\t\t\t<div class=\"elementor-container elementor-column-gap-default\">\n\t\t\t\t\t<div class=\"elementor-column elementor-col-100 elementor-top-column elementor-element elementor-element-11c5978\" data-id=\"11c5978\" data-element_type=\"column\">\n\t\t\t<div class=\"elementor-widget-wrap elementor-element-populated\">\n\t\t\t\t\t\t<div class=\"elementor-element elementor-element-9bf126c elementor-widget elementor-widget-text-editor\" data-id=\"9bf126c\" data-element_type=\"widget\" data-widget_type=\"text-editor.default\">\n\t\t\t\t<div class=\"elementor-widget-container\">\n\t\t\t\t\t\t\t\t\t<p>El Chorrito Immobilier&nbsp;<\/p>\n<p>Politique de confidentialit\u00e9<\/p>\n<p>Votre vie priv\u00e9e est importante pour nous. La politique d&#8217;El Chorrito Inmobiliaria est de respecter votre vie priv\u00e9e en ce qui concerne toute information que nous pouvons obtenir de vous sur notre site Web, strandproperties.com et d&#8217;autres sites Web d\u00e9tenus ou g\u00e9r\u00e9s par nous.<\/p>\n<p>Nous ne demandons des informations personnelles que lorsque nous en avons vraiment besoin pour vous fournir un service. Nous collectons les informations par des moyens justes et l\u00e9gaux, \u00e0 votre connaissance et avec votre consentement. Nous vous informons \u00e9galement pourquoi nous collectons les informations et comment nous les utiliserons.<\/p>\n<p>Nous ne conservons les informations collect\u00e9es que le temps n\u00e9cessaire pour pouvoir vous fournir le service demand\u00e9. Nous prot\u00e9geons les donn\u00e9es stock\u00e9es en utilisant des moyens commercialement acceptables pour emp\u00eacher la perte et le vol, ainsi que l&#8217;acc\u00e8s, la divulgation, la copie, l&#8217;utilisation ou la modification non autoris\u00e9s.<\/p>\n<p>Nous ne partageons aucune information personnellement identifiable publiquement ou avec des tiers, sauf si la loi l&#8217;exige.<\/p>\n<p>Notre site Web peut conduire \u00e0 des sites externes qui ne sont pas exploit\u00e9s par nous. Veuillez noter que nous n&#8217;avons aucun contr\u00f4le sur le contenu ou les pratiques de ces sites et nous ne pouvons assumer aucune responsabilit\u00e9 pour leurs politiques de confidentialit\u00e9 respectives.<\/p>\n<p>Vous pouvez rejeter notre demande d&#8217;informations personnelles, \u00e9tant entendu que nous ne pourrons peut-\u00eatre pas vous fournir les services souhait\u00e9s.<\/p>\n<p>Votre utilisation continue de notre site Web sera consid\u00e9r\u00e9e comme votre acceptation de nos pratiques en mati\u00e8re de confidentialit\u00e9 et de renseignements personnels. Si vous avez des questions sur la fa\u00e7on dont nous traitons les donn\u00e9es des utilisateurs et les informations personnelles, n&#8217;h\u00e9sitez pas \u00e0 nous contacter.<\/p>\n\t\t\t\t\t\t\t\t<\/div>\n\t\t\t\t<\/div>\n\t\t\t\t\t<\/div>\n\t\t<\/div>\n\t\t\t\t\t<\/div>\n\t\t<\/section>\n\t\t\t\t<\/div>\n\t\t","protected":false},"excerpt":{"rendered":"<p>El Chorrito Immobilier&nbsp; Politique de confidentialit\u00e9 Votre vie priv\u00e9e est importante pour nous. La politique d&#8217;El Chorrito Inmobiliaria est de respecter votre vie priv\u00e9e en ce qui concerne toute information que nous pouvons obtenir de vous sur notre site Web, strandproperties.com et d&#8217;autres sites Web d\u00e9tenus ou g\u00e9r\u00e9s par nous. Nous ne demandons des informations [&hellip;]<\/p>\n","protected":false},"author":2,"featured_media":0,"parent":0,"menu_order":0,"comment_status":"closed","ping_status":"closed","template":"","meta":{"footnotes":""},"class_list":["post-57266","page","type-page","status-publish","hentry"],"_links":{"self":[{"href":"https:\/\/elchorrito.es\/fr\/wp-json\/wp\/v2\/pages\/57266","targetHints":{"allow":["GET"]}}],"collection":[{"href":"https:\/\/elchorrito.es\/fr\/wp-json\/wp\/v2\/pages"}],"about":[{"href":"https:\/\/elchorrito.es\/fr\/wp-json\/wp\/v2\/types\/page"}],"author":[{"embeddable":true,"href":"https:\/\/elchorrito.es\/fr\/wp-json\/wp\/v2\/users\/2"}],"replies":[{"embeddable":true,"href":"https:\/\/elchorrito.es\/fr\/wp-json\/wp\/v2\/comments?post=57266"}],"version-history":[{"count":0,"href":"https:\/\/elchorrito.es\/fr\/wp-json\/wp\/v2\/pages\/57266\/revisions"}],"wp:attachment":[{"href":"https:\/\/elchorrito.es\/fr\/wp-json\/wp\/v2\/media?parent=57266"}],"curies":[{"name":"wp","href":"https:\/\/api.w.org\/{rel}","templated":true}]}}