{"id":57264,"date":"2022-01-10T22:26:52","date_gmt":"2022-01-10T21:26:52","guid":{"rendered":"https:\/\/elchorrito.es\/termes-et-conditions\/"},"modified":"2022-01-10T22:37:23","modified_gmt":"2022-01-10T21:37:23","slug":"termes-et-conditions","status":"publish","type":"page","link":"https:\/\/elchorrito.es\/fr\/termes-et-conditions\/","title":{"rendered":"Termes et Conditions"},"content":{"rendered":"\t\t<div data-elementor-type=\"wp-page\" data-elementor-id=\"57264\" class=\"elementor elementor-57264 elementor-25198\">\n\t\t\t\t\t\t<section class=\"elementor-section elementor-top-section elementor-element elementor-element-d47ce04 elementor-section-boxed elementor-section-height-default elementor-section-height-default\" data-id=\"d47ce04\" data-element_type=\"section\" data-e-type=\"section\">\n\t\t\t\t\t\t<div class=\"elementor-container elementor-column-gap-default\">\n\t\t\t\t\t<div class=\"elementor-column elementor-col-100 elementor-top-column elementor-element elementor-element-150026d\" data-id=\"150026d\" data-element_type=\"column\" data-e-type=\"column\">\n\t\t\t<div class=\"elementor-widget-wrap elementor-element-populated\">\n\t\t\t\t\t\t<div class=\"elementor-element elementor-element-e9e1185 elementor-widget elementor-widget-text-editor\" data-id=\"e9e1185\" data-element_type=\"widget\" data-e-type=\"widget\" data-widget_type=\"text-editor.default\">\n\t\t\t\t<div class=\"elementor-widget-container\">\n\t\t\t\t\t\t\t\t\t<p>El Chorrito Immobilier<\/p><p>Termes et conditions<\/p><p>Information l\u00e9gale<\/p><p>Conditions contractuelles d&#8217;utilisation du site elchorrito.es.<\/p><p>Ces conditions d&#8217;utilisation et notre politique de confidentialit\u00e9 constituent la base sur laquelle vous pouvez acc\u00e9der et utiliser nos sites Web.<\/p><p>En parcourant ou en acc\u00e9dant de quelque mani\u00e8re que ce soit \u00e0 tout contenu ou donn\u00e9e sur le site Web elchorrito.es, vous exprimez votre accord avec ces conditions.<\/p><p>Nous ne garantissons pas que le contenu, les liens ou les sous-domaines contenus dans notre site Web ou qui lui sont associ\u00e9s seront disponibles et accessibles \u00e0 tout moment. Nous pouvons modifier le chemin ou l&#8217;emplacement d&#8217;un lien ou d&#8217;un sous-domaine ou rediriger le contenu inclus dans un lien ou un sous-domaine de notre site Web \u00e0 tout moment et sans pr\u00e9avis. Nous ne garantissons pas que les liens que vous soumettez resteront constants au moment o\u00f9 vous les soumettez ou les partagez, car ils sont sujets \u00e0 changement \u00e0 tout moment et sans pr\u00e9avis.<\/p><p>Nous nous r\u00e9servons le droit de modifier l&#8217;une de nos conditions d&#8217;utilisation ou d&#8217;autres conditions d&#8217;utilisation de notre site Web \u00e0 tout moment en publiant les nouvelles conditions g\u00e9n\u00e9rales sur notre site Web. Votre utilisation de notre site Web constitue l&#8217;acceptation de ces conditions. Si vous n&#8217;acceptez pas l&#8217;un de nos termes et conditions ou d&#8217;autres avis, votre seule option est de cesser imm\u00e9diatement d&#8217;utiliser notre site Web.<\/p><p>Les informations contenues sur notre site Web et dans toute publication sur elchorrito.es ne doivent pas \u00eatre consid\u00e9r\u00e9es comme un substitut \u00e0 des conseils juridiques, financiers ou immobiliers professionnels.<\/p><p>El Chorrito Immobilier est responsable de la maintenance de notre site Web et toutes les publications elchorrito.es ne constituent aucune garantie sur l&#8217;exactitude ou la fiabilit\u00e9 des informations qu&#8217;il contient (y compris, mais sans s&#8217;y limiter, tout contenu ou information g\u00e9n\u00e9r\u00e9 sur notre site Web , par ou au nom d&#8217;El Chorrito Immobilier, ainsi que tout contenu de tiers sur notre site Web). El Chorrito Immobilier et ses entit\u00e9s li\u00e9es, directeurs, gestionnaires ou agents d\u00e9clinent toute responsabilit\u00e9 pour toute perte ou dommage, direct ou indirect, que tout destinataire pourrait subir pour avoir fait confiance \u00e0 des donn\u00e9es contenues ou omises dans nos plateformes et publications.<\/p><p>Tr\u00e8s important: avant d&#8217;entreprendre toute action commerciale, nous vous recommandons de contacter les responsables d&#8217;El Chorrito Immobilier et de v\u00e9rifier toutes les donn\u00e9es publi\u00e9es sur le site Web elchorrito.es concernant les informations sur chaque propri\u00e9t\u00e9, en contrastant et en v\u00e9rifiant toutes les donn\u00e9es publi\u00e9es de caract\u00e9ristiques et de prix sur le la toile. Les annonces publi\u00e9es peuvent varier \u00e0 un moment donn\u00e9 par rapport au prix, nous vous recommandons de v\u00e9rifier par e-mail info@elchorrito.es le montant du prix et le statut du bien s&#8217;il est \u00e0 vendre, \u00e0 louer ou a d\u00e9j\u00e0 \u00e9t\u00e9 vendu, les annonces peuvent prendre plusieurs jours pour appara\u00eetre mis \u00e0 jour sur le site Web. Nous ne sommes pas responsables des annonces anciennes ou non mises \u00e0 jour \u00e0 l&#8217;\u00e9poque si les donn\u00e9es n&#8217;ont pas \u00e9t\u00e9 v\u00e9rifi\u00e9es de votre part.<\/p><p>Rapports de propri\u00e9t\u00e9<\/p><p>Si vous demandez un rapport de propri\u00e9t\u00e9 ou de quartier r\u00e9sidentiel ou une estimation de prix (rapport de propri\u00e9t\u00e9) via notre site Web, vous consentez \u00e0 l&#8217;utilisation de votre adresse e-mail aux fins d\u00e9crites dans notre politique de confidentialit\u00e9. Les rapports de propri\u00e9t\u00e9 sont de nature g\u00e9n\u00e9rale uniquement, sont bas\u00e9s sur des donn\u00e9es historiques et ne prendront pas en compte l&#8217;impact potentiel de facteurs externes (tels que les perturbations de l&#8217;\u00e9conomie, les futures infrastructures pr\u00e9vues, les r\u00e9glementations, les probl\u00e8mes environnementaux ou le march\u00e9 immobilier) qui peuvent affecter la valeur de la propri\u00e9t\u00e9. Les rapports de propri\u00e9t\u00e9 ne doivent pas \u00eatre pris en compte ou invoqu\u00e9s par vous ou quelqu&#8217;un d&#8217;autre, et nous vous recommandons de demander des conseils professionnels avant de prendre des d\u00e9cisions immobili\u00e8res. En fournissant un rapport immobilier, nous n&#8217;agissons pas en tant qu&#8217;agent pour vous ou pour tout professionnel de l&#8217;immobilier impliqu\u00e9 dans la pr\u00e9paration du rapport. Pour \u00e9viter tout doute, les sections indiqu\u00e9es des rapports de propri\u00e9t\u00e9 et les sections fournies par les professionnels de l&#8217;immobilier (y compris les estimations de prix) seront consid\u00e9r\u00e9es comme du contenu tiers aux fins de la section Contenu tiers.<\/p><p>Droit d&#8217;auteur<\/p><p>Le mat\u00e9riel contenu et accessible \u00e0 partir de notre site Web et de nos publications est prot\u00e9g\u00e9 par le droit d&#8217;auteur. En plus du traitement \u00e9quitable autoris\u00e9 par la loi sur la propri\u00e9t\u00e9 intellectuelle, El Chorrito Immobilier autorise les visiteurs du site Web \u00e0 t\u00e9l\u00e9charger du mat\u00e9riel prot\u00e9g\u00e9 par le droit d&#8217;auteur \u00e0 des fins priv\u00e9es et non commerciales uniquement. Pour la reproduction ou toute autre utilisation du mat\u00e9riel prot\u00e9g\u00e9 par le droit d&#8217;auteur elchorrito.es, une autorisation \u00e9crite doit \u00eatre obtenue directement aupr\u00e8s de El Chorrito Immobilier\u00a0ou le d\u00e9tenteur des droits d&#8217;auteur correspondant. Si l&#8217;autorisation est accord\u00e9e, elle sera soumise \u00e0 l&#8217;exigence que le nom du titulaire du droit d&#8217;auteur et l&#8217;int\u00e9r\u00eat pour le mat\u00e9riel soient reconnus lorsqu&#8217;il est reproduit ou cit\u00e9, en tout ou en partie.<\/p><p>Liens et publicit\u00e9s de tiers<\/p><p>Notre site Web comprend souvent des publicit\u00e9s, des hyperliens et des signets qui m\u00e8nent \u00e0 des sites Web exploit\u00e9s par des tiers. Les liens vers des sites Web de tiers incluent, sans s&#8217;y limiter, des liens vers notre site Web de certains de nos clients constitu\u00e9s d&#8217;agences immobili\u00e8res. Ces sites Web tiers ne font pas partie de notre site Web et ne sont pas sous le contr\u00f4le ou la responsabilit\u00e9 d&#8217;El Chorrito Immobilier. En acc\u00e9dant \u00e0 un lien vers ces sites Web, vous quittez notre site Web \u00e0 vos risques et p\u00e9rils. El Chorrito Immobilier et ses entit\u00e9s li\u00e9es n&#8217;accordent aucune garantie sur l&#8217;exactitude ou la fiabilit\u00e9 des informations contenues dans un site Web tiers, et El Chorrito Immobilier et ses entit\u00e9s li\u00e9es, administrateurs, gestionnaires ou agents d\u00e9clinent toute responsabilit\u00e9 pour toute perte ou dommage, directs ou indirects, que vous pourriez souffrir du fait de vous fier \u00e0 des donn\u00e9es contenues ou omises sur lesdits sites Web tiers. L&#8217;affichage de publicit\u00e9 n&#8217;implique pas l&#8217;approbation ou la recommandation d&#8217;El Chorrito Immobilier.<\/p><p>Contenu tiers<\/p><p>Notre site Web contient du contenu fourni \u00e0 El Chorrito Immobilier par d&#8217;autres parties (contenu tiers). El Chorrito Immobilier n&#8217;a pas de pratique de surveillance ou d&#8217;enqu\u00eate sur le contenu de tiers. El Chorrito Immobilier n&#8217;est pas responsable du contenu de tiers et n&#8217;approuve ni ne fait de d\u00e9clarations, expresses ou implicites, sur ledit contenu. Le contenu de tiers ne repr\u00e9sente pas les opinions d&#8217;El Chorrito Immobilier. Vous comptez sur le contenu de tiers enti\u00e8rement \u00e0 vos risques et p\u00e9rils.<\/p><p>Nos cartes et les emplacements fournis sont soumis aux conditions du fournisseur de logiciel ou de la plate-forme.<\/p><p>Contenu \u00e9ditorial<\/p><p>Tout le contenu \u00e9ditorial et les articles de notre site Web sont de nature g\u00e9n\u00e9rale uniquement et ne tiennent pas compte de vos objectifs personnels, de votre situation financi\u00e8re ou de vos besoins particuliers. Le contenu \u00e9ditorial ne doit pas \u00eatre consid\u00e9r\u00e9 ou invoqu\u00e9 par vous ou quiconque, et nous vous recommandons de demander conseil \u00e0 un professionnel avant d&#8217;agir sur le contenu. Pour \u00e9viter toute ambigu\u00eft\u00e9, le contenu \u00e9ditorial fourni par des auteurs externes qui ne sont pas employ\u00e9s par nous sera consid\u00e9r\u00e9 comme un contenu tiers aux fins de la section pr\u00e9c\u00e9dente.<\/p><p>Garanties suppl\u00e9mentaires<\/p><p>Vous d\u00e9clarez et garantissez que votre utilisation de notre site Web sera conforme \u00e0 tout moment \u00e0 ces conditions et \u00e0 toute indication que nous vous donnons p\u00e9riodiquement en ce qui concerne votre utilisation de notre site Web.<\/p><p>Politique de lien vers notre site Web<\/p><p>Vous pouvez cr\u00e9er un lien vers le contenu de notre site Web avec notre consentement. Si nous vous permettons de lier du contenu \u00e0 notre site Web, ce sera \u00e0 la condition que vous :<\/p><p>1- N&#8217;attribuez pas un lien vers le contenu d&#8217;El Chorrito Immobilier en tant que lien vers votre propre contenu ou celui d&#8217;une autre personne (par exemple, l&#8217;utilisation de votre propre logo pour faire un lien vers notre contenu).<\/p><p>2- N&#8217;attribuez pas un lien vers notre site Web qui renvoie plus tard \u00e0 un autre site.<\/p><p>3- Ne pr\u00e9sentez pas notre contenu de mani\u00e8re \u00e0 ce qu&#8217;il soit pr\u00e9sent\u00e9 comme le v\u00f4tre ou appartenant \u00e0 une autre personne que nous ou nos conc\u00e9dants.<\/p><p>4- Ne pas cr\u00e9er de lien vers notre contenu dans le cadre d&#8217;un site Web qui accumule des listes de propri\u00e9t\u00e9s et \/ ou des informations ou qui nous concurrence de quelque mani\u00e8re que ce soit.<\/p><p>Nous nous r\u00e9servons le droit de vous demander de ne pas faire de lien vers notre contenu et nous pouvons exercer ce droit par notification. Nous nous r\u00e9servons une enti\u00e8re discr\u00e9tion quant \u00e0 l&#8217;exercice de ce droit, qui peut \u00eatre d\u00fb aux questions ou circonstances ci-dessus ou \u00e0 toute autre question ou circonstance que nous consid\u00e9rons raisonnable.<\/p><p>Google Maps<\/p><p>Votre utilisation de Google Maps est soumise aux conditions d&#8217;utilisation de Google Maps et \u00e0 la politique de confidentialit\u00e9 de Google.<\/p><p>Compensation<\/p><p>Vous acceptez d&#8217;indemniser et de lib\u00e9rer El Chorrito Immobilier et ses soci\u00e9t\u00e9s affili\u00e9es (et ses gestionnaires, agents, partenaires et employ\u00e9s) de tous dommages contre toute perte, responsabilit\u00e9, r\u00e9clamation ou demande (y compris les honoraires d&#8217;avocat raisonnables) d\u00e9coulant de ou en relation avec votre utilisation ou l&#8217;acc\u00e8s \u00e0 notre site Web ou avec des contributions faites qui ne sont pas conformes \u00e0 ces conditions.<\/p><p>Limitation de responsabilit\u00e9 et juridiction<\/p><p>Certains droits et recours peuvent \u00eatre disponibles aupr\u00e8s de la Commission nationale des march\u00e9s et de la concurrence et il peut ne pas \u00eatre permis de les exclure, de les restreindre ou de les modifier, \u00e0 l&#8217;exception de ceux qui ne peuvent \u00eatre exclus. Dans la mesure permise par la loi<\/p><p>n, notre responsabilit\u00e9 pour la violation de toute garantie ou condition implicite qui ne peut \u00eatre exclue est limit\u00e9e, \u00e0 notre discr\u00e9tion\u00a0: au r\u00e9approvisionnement des services ou au paiement du co\u00fbt des services de r\u00e9approvisionnement\u00a0; ou au remplacement ou \u00e0 la r\u00e9paration des biens ou au paiement du co\u00fbt du remplacement ou de la r\u00e9paration.<\/p><p>En aucun cas, El Chorrito Immobilier ne sera responsable envers vous ou un tiers de dommages indirects, exemplaires, accessoires, sp\u00e9ciaux ou punitifs, y compris la perte de b\u00e9n\u00e9fices, la perte de revenus, la perte de prestige, la perte de clients, la perte de capital, les co\u00fbts d&#8217;inactivit\u00e9, la perte ou l&#8217;atteinte \u00e0 la r\u00e9putation, la perte en vertu ou en relation avec tout autre contrat, la perte de donn\u00e9es, la perte d&#8217;utilisation des donn\u00e9es, la perte d&#8217;\u00e9conomies anticip\u00e9es ou les avantages subis ou encourus par ou attribu\u00e9s \u00e0 votre encontre en vertu de ou li\u00e9s de quelque mani\u00e8re que ce soit \u00e0 cet accord ou les sites Web. Ind\u00e9pendamment de toute disposition contraire, la responsabilit\u00e9 globale d&#8217;El Chorrito Immobilier et de ses entit\u00e9s li\u00e9es devant vous pour toute cause ou action et quelle que soit la forme de l&#8217;action sera limit\u00e9e \u00e0 tout moment.<\/p><p>Votre utilisation de notre site Web, ces conditions, notre politique de confidentialit\u00e9 et toutes nos conditions et mentions l\u00e9gales sont r\u00e9gies et interpr\u00e9t\u00e9es conform\u00e9ment \u00e0 la loi espagnole, et en utilisant notre site Web, vous vous soumettez irr\u00e9vocablement et inconditionnellement \u00e0 la juridiction des tribunaux espagnols.<\/p><p>Si vous avez des questions, des plaintes ou des r\u00e9clamations, vous pouvez nous contacter \u00e0 info@elchorrito.es<\/p>\t\t\t\t\t\t\t\t<\/div>\n\t\t\t\t<\/div>\n\t\t\t\t\t<\/div>\n\t\t<\/div>\n\t\t\t\t\t<\/div>\n\t\t<\/section>\n\t\t\t\t<\/div>\n\t\t","protected":false},"excerpt":{"rendered":"<p>El Chorrito Immobilier Termes et conditions Information l\u00e9gale Conditions contractuelles d&#8217;utilisation du site elchorrito.es. Ces conditions d&#8217;utilisation et notre politique de confidentialit\u00e9 constituent la base sur laquelle vous pouvez acc\u00e9der et utiliser nos sites Web. En parcourant ou en acc\u00e9dant de quelque mani\u00e8re que ce soit \u00e0 tout contenu ou donn\u00e9e sur le site Web [&hellip;]<\/p>\n","protected":false},"author":2,"featured_media":0,"parent":0,"menu_order":0,"comment_status":"closed","ping_status":"closed","template":"","meta":{"footnotes":""},"class_list":["post-57264","page","type-page","status-publish","hentry"],"_links":{"self":[{"href":"https:\/\/elchorrito.es\/fr\/wp-json\/wp\/v2\/pages\/57264","targetHints":{"allow":["GET"]}}],"collection":[{"href":"https:\/\/elchorrito.es\/fr\/wp-json\/wp\/v2\/pages"}],"about":[{"href":"https:\/\/elchorrito.es\/fr\/wp-json\/wp\/v2\/types\/page"}],"author":[{"embeddable":true,"href":"https:\/\/elchorrito.es\/fr\/wp-json\/wp\/v2\/users\/2"}],"replies":[{"embeddable":true,"href":"https:\/\/elchorrito.es\/fr\/wp-json\/wp\/v2\/comments?post=57264"}],"version-history":[{"count":0,"href":"https:\/\/elchorrito.es\/fr\/wp-json\/wp\/v2\/pages\/57264\/revisions"}],"wp:attachment":[{"href":"https:\/\/elchorrito.es\/fr\/wp-json\/wp\/v2\/media?parent=57264"}],"curies":[{"name":"wp","href":"https:\/\/api.w.org\/{rel}","templated":true}]}}