{"id":57262,"date":"2022-01-10T22:23:24","date_gmt":"2022-01-10T21:23:24","guid":{"rendered":"https:\/\/elchorrito.es\/politique-de-cookies\/"},"modified":"2022-01-10T22:43:12","modified_gmt":"2022-01-10T21:43:12","slug":"politique-de-cookies","status":"publish","type":"page","link":"https:\/\/elchorrito.es\/fr\/politique-de-cookies\/","title":{"rendered":"Politique de Cookies"},"content":{"rendered":"\t\t<div data-elementor-type=\"wp-page\" data-elementor-id=\"57262\" class=\"elementor elementor-57262 elementor-25194\">\n\t\t\t\t\t\t<section class=\"elementor-section elementor-top-section elementor-element elementor-element-30084cc elementor-section-boxed elementor-section-height-default elementor-section-height-default\" data-id=\"30084cc\" data-element_type=\"section\" data-e-type=\"section\">\n\t\t\t\t\t\t<div class=\"elementor-container elementor-column-gap-default\">\n\t\t\t\t\t<div class=\"elementor-column elementor-col-100 elementor-top-column elementor-element elementor-element-cafe629\" data-id=\"cafe629\" data-element_type=\"column\" data-e-type=\"column\">\n\t\t\t<div class=\"elementor-widget-wrap elementor-element-populated\">\n\t\t\t\t\t\t<div class=\"elementor-element elementor-element-72a7703 elementor-widget elementor-widget-text-editor\" data-id=\"72a7703\" data-element_type=\"widget\" data-e-type=\"widget\" data-widget_type=\"text-editor.default\">\n\t\t\t\t<div class=\"elementor-widget-container\">\n\t\t\t\t\t\t\t\t\t<p>El Chorrito Immobilier<\/p>\n<p>Politique de Cookies<\/p>\n<p>Le but de cette politique de cookies est de vous informer de mani\u00e8re claire et pr\u00e9cise sur les cookies utilis\u00e9s sur le site elchorrito.es.<\/p>\n<p>Que sont les cookies ?<\/p>\n<p>Un cookie est un petit morceau de texte que les sites Web que vous visitez envoient au navigateur et qui permet au site Web de m\u00e9moriser des informations sur votre visite, telles que votre langue pr\u00e9f\u00e9r\u00e9e et d&#8217;autres options, afin de faciliter votre prochaine visite et de rendre le site le plus utile pour vous. Les cookies jouent un r\u00f4le tr\u00e8s important et contribuent \u00e0 une meilleure exp\u00e9rience de navigation pour l&#8217;utilisateur.<\/p>\n<p>Types de cookies<\/p>\n<p>Selon qui est l&#8217;entit\u00e9 qui g\u00e8re le domaine \u00e0 partir duquel les cookies sont envoy\u00e9s et les donn\u00e9es obtenues sont trait\u00e9es, deux types peuvent \u00eatre distingu\u00e9s : les cookies propres et les cookies tiers.<\/p>\n<p>Il existe \u00e9galement une deuxi\u00e8me classification en fonction de la dur\u00e9e pendant laquelle elles restent stock\u00e9es dans le navigateur du client, qui peuvent \u00eatre des cookies de session ou des cookies persistants.<\/p>\n<p>Enfin, il existe une autre classification avec cinq types de cookies selon la finalit\u00e9 pour laquelle les donn\u00e9es obtenues sont trait\u00e9es : les cookies techniques, les cookies de personnalisation, les cookies d&#8217;analyse, les cookies publicitaires et les cookies publicitaires comportementaux.<\/p>\n<p>Pour plus d&#8217;informations \u00e0 cet \u00e9gard, vous pouvez consulter le Guide sur l&#8217;utilisation des cookies de l&#8217;Agence espagnole de protection des donn\u00e9es.<\/p>\n<p>Cookies utilis\u00e9s sur le Web<\/p>\n<p>Les cookies qui sont utilis\u00e9s dans ce portail ainsi que leur type et leur fonction sont identifi\u00e9s ci-dessous :<\/p>\n<p>Le site Web elchorrito.es utilise Google Analytics, un service d&#8217;analyse Web d\u00e9velopp\u00e9 par Google, qui permet la mesure et l&#8217;analyse de la navigation sur les pages Web. Dans votre navigateur, vous pouvez voir les cookies de ce service. Selon la typologie pr\u00e9c\u00e9dente, il s&#8217;agit de cookies propres, de session et d&#8217;analyse.<\/p>\n<p>Gr\u00e2ce \u00e0 l&#8217;analyse Web, des informations sont obtenues concernant le nombre d&#8217;utilisateurs acc\u00e9dant au Web, le nombre de pages consult\u00e9es, la fr\u00e9quence et la r\u00e9p\u00e9tition des visites, leur dur\u00e9e, le navigateur utilis\u00e9, l&#8217;op\u00e9rateur qui fournit le service, la langue. , le terminal que vous utiliser et la ville \u00e0 laquelle votre adresse IP est attribu\u00e9e. Des informations qui permettent un service meilleur et plus appropri\u00e9 de la part de ce portail.<\/p>\n<p>Pour garantir l&#8217;anonymat, Google rendra vos informations anonymes en tronquant l&#8217;adresse IP avant de la stocker, de sorte que Google Analytics ne soit pas utilis\u00e9 pour localiser ou collecter des informations personnellement identifiables aupr\u00e8s des visiteurs du site. Google ne peut transmettre les informations collect\u00e9es par Google Analytics \u00e0 des tiers que s&#8217;il y est l\u00e9galement oblig\u00e9. Conform\u00e9ment aux conditions de mise \u00e0 disposition du service Google Analytics, Google n&#8217;associera votre adresse IP \u00e0 aucune autre donn\u00e9e stock\u00e9e par Google.<\/p>\n<p>Un autre des cookies t\u00e9l\u00e9charg\u00e9s est un cookie technique. Ce cookie vous permet de stocker un identifiant unique par session \u00e0 travers lequel il est possible de lier les donn\u00e9es n\u00e9cessaires pour permettre la navigation en cours.<\/p>\n<p>Acceptation de la politique de cookies<\/p>\n<p>En naviguant sur le Web, il est suppos\u00e9 que vous acceptez l&#8217;utilisation de cookies.<\/p>\n<p>Comment modifier les param\u00e8tres des cookies<\/p>\n<p>Vous pouvez restreindre, bloquer ou supprimer les cookies de elchorrito.es ou de toute autre page Web \u00e0 l&#8217;aide de votre navigateur. Dans chaque navigateur le fonctionnement est diff\u00e9rent, la fonction &#8220;Aide&#8221; vous montrera comment faire.<\/p>\t\t\t\t\t\t\t\t<\/div>\n\t\t\t\t<\/div>\n\t\t\t\t\t<\/div>\n\t\t<\/div>\n\t\t\t\t\t<\/div>\n\t\t<\/section>\n\t\t\t\t<\/div>\n\t\t","protected":false},"excerpt":{"rendered":"<p>El Chorrito Immobilier Politique de Cookies Le but de cette politique de cookies est de vous informer de mani\u00e8re claire et pr\u00e9cise sur les cookies utilis\u00e9s sur le site elchorrito.es. Que sont les cookies ? Un cookie est un petit morceau de texte que les sites Web que vous visitez envoient au navigateur et qui [&hellip;]<\/p>\n","protected":false},"author":2,"featured_media":0,"parent":0,"menu_order":0,"comment_status":"closed","ping_status":"closed","template":"","meta":{"footnotes":""},"class_list":["post-57262","page","type-page","status-publish","hentry"],"_links":{"self":[{"href":"https:\/\/elchorrito.es\/fr\/wp-json\/wp\/v2\/pages\/57262","targetHints":{"allow":["GET"]}}],"collection":[{"href":"https:\/\/elchorrito.es\/fr\/wp-json\/wp\/v2\/pages"}],"about":[{"href":"https:\/\/elchorrito.es\/fr\/wp-json\/wp\/v2\/types\/page"}],"author":[{"embeddable":true,"href":"https:\/\/elchorrito.es\/fr\/wp-json\/wp\/v2\/users\/2"}],"replies":[{"embeddable":true,"href":"https:\/\/elchorrito.es\/fr\/wp-json\/wp\/v2\/comments?post=57262"}],"version-history":[{"count":0,"href":"https:\/\/elchorrito.es\/fr\/wp-json\/wp\/v2\/pages\/57262\/revisions"}],"wp:attachment":[{"href":"https:\/\/elchorrito.es\/fr\/wp-json\/wp\/v2\/media?parent=57262"}],"curies":[{"name":"wp","href":"https:\/\/api.w.org\/{rel}","templated":true}]}}