{"id":57130,"date":"2021-12-30T22:53:20","date_gmt":"2021-12-30T21:53:20","guid":{"rendered":"https:\/\/elchorrito.es\/recherche-de-proprietes\/"},"modified":"2022-01-10T21:38:41","modified_gmt":"2022-01-10T20:38:41","slug":"recherche-de-proprietes","status":"publish","type":"page","link":"https:\/\/elchorrito.es\/fr\/recherche-de-proprietes\/","title":{"rendered":"Recherche de Propri\u00e9t\u00e9s"},"content":{"rendered":"\t\t<div data-elementor-type=\"wp-page\" data-elementor-id=\"57130\" class=\"elementor elementor-57130 elementor-17879\">\n\t\t\t\t\t\t<section class=\"elementor-section elementor-top-section elementor-element elementor-element-bba3b2f elementor-section-height-min-height elementor-section-boxed elementor-section-height-default elementor-section-items-middle\" data-id=\"bba3b2f\" data-element_type=\"section\">\n\t\t\t\t\t\t<div class=\"elementor-container elementor-column-gap-default\">\n\t\t\t\t\t<div class=\"elementor-column elementor-col-100 elementor-top-column elementor-element elementor-element-780222d\" data-id=\"780222d\" data-element_type=\"column\">\n\t\t\t<div class=\"elementor-widget-wrap elementor-element-populated\">\n\t\t\t\t\t\t<div class=\"elementor-element elementor-element-b394e27 elementor-widget elementor-widget-houzez-property-section-contact-form2\" data-id=\"b394e27\" data-element_type=\"widget\" data-widget_type=\"houzez-property-section-contact-form2.default\">\n\t\t\t\t<div class=\"elementor-widget-container\">\n\t\t\t\t\t<div class=\"block-wrap\"><div class=\"property-form-wrap\">\n\n\t\t\t<div class=\"property-form clearfix\">\n\t\t\t<form method=\"post\" action=\"#\">\n\t\t\t\t\n\t\t\t\t<div class=\"agent-details\"><div class=\"d-flex align-items-center\"><div class=\"agent-image\"><img decoding=\"async\" class=\"rounded\" src=\"https:\/\/elchorrito.es\/wp-content\/uploads\/Logo-Redondo-e1707165745624.png\" alt=\"El Chorrito\" width=\"70\" height=\"70\"><\/div><ul class=\"agent-information list-unstyled\"><li class=\"agent-name\"><i class=\"houzez-icon icon-single-neutral mr-1\"><\/i> El Chorrito<\/li><\/ul><\/div><\/div>\n\t\t\t\t\n\t\t\t\t\t\n\t\t\t\t<div class=\"form-group\">\n\t\t\t\t\t<input class=\"form-control\" name=\"mobile\" value=\"\" type=\"text\" placeholder=\"T\u00e9l\u00e9phone\">\n\t\t\t\t<\/div><!-- form-group -->\n\t\t\t\t\n\t\t\t\t<div class=\"form-group\">\n\t\t\t\t\t<input class=\"form-control\" name=\"email\" value=\"\" type=\"email\" placeholder=\"Email\">\n\t\t\t\t<\/div><!-- form-group -->\n\n\t\t\t\t\t\n\t\t\t\t<div class=\"form-group form-group-textarea\">\n\t\t\t\t\t<textarea class=\"form-control hz-form-message\" name=\"message\" rows=\"4\" placeholder=\"Mensaje\">Salut, je suis int\u00e9ress\u00e9 par [Recherche de Propri\u00e9t\u00e9s]<\/textarea>\n\t\t\t\t<\/div><!-- form-group -->\t\n\t\t\t\t\n\t\t\t\t\t\n\t\t\t\t<div class=\"form-group\">\n\t\t\t\t\t<select name=\"user_type\" class=\"selectpicker form-control bs-select-hidden\" title=\"S\u00e9lectionner\">\n\n\t\t\t\t\t\t\t\t\t\t\t\t<option value=\"buyer\">Soy un comprador<\/option>\n\t\t\t\t\t\t\n\t\t\t\t\t\t\t\t\t\t\t\t<option value=\"tennant\">Soy un inquilino<\/option>\n\t\t\t\t\t\t\n\t\t\t\t\t\t\t\t\t\t\t\t<option value=\"agent\">Soy un agente<\/option>\n\t\t\t\t\t\t\n\t\t\t\t\t\t\t\t\t\t\t\t<option value=\"other\">Otros<\/option>\n\t\t\t\t\t\t\t\t\t\t\t<\/select><!-- selectpicker -->\n\t\t\t\t<\/div><!-- form-group -->\n\t\t\t\t\n\t\t\t\t\t\t\n\t\t\t\n\t\t\t\t\t\t            <input type=\"hidden\" name=\"target_email\" value=\"j&#99;&#95;uc&#64;h&#111;t&#109;&#97;il.c&#111;&#109;\">\n\t\t        \t\t        <input type=\"hidden\" name=\"property_agent_contact_security\" value=\"3bc60e2039\"\/>\n\t\t        <input type=\"hidden\" name=\"property_permalink\" value=\"https:\/\/elchorrito.es\/fr\/recherche-de-proprietes\/\"\/>\n\t\t        <input type=\"hidden\" name=\"property_title\" value=\"Recherche de Propri\u00e9t\u00e9s\"\/>\n\t\t        <input type=\"hidden\" name=\"property_id\" value=\"\"\/>\n\t\t        <input type=\"hidden\" name=\"action\" value=\"houzez_property_agent_contact\">\n\t\t        <input type=\"hidden\" name=\"listing_id\" value=\"57130\">\n\t\t        <input type=\"hidden\" name=\"is_listing_form\" value=\"yes\">\n\t\t        <input type=\"hidden\" name=\"agent_id\" value=\"1\">\n\t\t        <input type=\"hidden\" name=\"agent_type\" value=\"\">\n\n\t\t        <div class=\"form-group captcha_wrapper houzez-grecaptcha-v3\">\n    <div class=\"houzez_google_reCaptcha\"><\/div>\n<\/div>\n\t\t        <div class=\"form_messages\"><\/div>\n\t\t\t\t<button type=\"button\" class=\"houzez_agent_property_form btn btn-secondary btn-full-width\">\n\t\t\t\t\t<span class=\"btn-loader houzez-loader-js\"><\/span>\t\t\t\t\tEnvoyer E-mail \t\t\t\t\t\n\t\t\t\t<\/button>\n\t\t\t\t\n\t\t\t\t\n\t\t\t\t\n\t\t\t\t\t\t\t<\/form>\n\t\t<\/div><!-- property-form -->\n\t\t\n\t<\/div><!-- property-form-wrap -->\n<\/div>\t\t\t\t<\/div>\n\t\t\t\t<\/div>\n\t\t\t\t\t<\/div>\n\t\t<\/div>\n\t\t\t\t\t<\/div>\n\t\t<\/section>\n\t\t\t\t<section class=\"elementor-section elementor-top-section elementor-element elementor-element-2b905eb elementor-section-boxed elementor-section-height-default elementor-section-height-default\" data-id=\"2b905eb\" data-element_type=\"section\">\n\t\t\t\t\t\t<div class=\"elementor-container elementor-column-gap-default\">\n\t\t\t\t\t<div class=\"elementor-column elementor-col-100 elementor-top-column elementor-element elementor-element-5a0abca\" data-id=\"5a0abca\" data-element_type=\"column\">\n\t\t\t<div class=\"elementor-widget-wrap elementor-element-populated\">\n\t\t\t\t\t\t<div class=\"elementor-element elementor-element-3a9b6c9 elementor-widget elementor-widget-text-editor\" data-id=\"3a9b6c9\" data-element_type=\"widget\" data-widget_type=\"text-editor.default\">\n\t\t\t\t<div class=\"elementor-widget-container\">\n\t\t\t\t\t\t\t\t\t<p>El Chorrito \u00a9 Immobilier et Nature<br \/>\nTermes et conditions Politique de confidentialit\u00e9 Politique de cookies<\/p>\n\t\t\t\t\t\t\t\t<\/div>\n\t\t\t\t<\/div>\n\t\t\t\t\t<\/div>\n\t\t<\/div>\n\t\t\t\t\t<\/div>\n\t\t<\/section>\n\t\t\t\t<\/div>\n\t\t","protected":false},"excerpt":{"rendered":"<p>El Chorrito \u00a9 Immobilier et Nature Termes et conditions Politique de confidentialit\u00e9 Politique de cookies<\/p>\n","protected":false},"author":1,"featured_media":53336,"parent":0,"menu_order":0,"comment_status":"closed","ping_status":"closed","template":"template\/template-search.php","meta":{"footnotes":""},"class_list":["post-57130","page","type-page","status-publish","has-post-thumbnail","hentry"],"_links":{"self":[{"href":"https:\/\/elchorrito.es\/fr\/wp-json\/wp\/v2\/pages\/57130","targetHints":{"allow":["GET"]}}],"collection":[{"href":"https:\/\/elchorrito.es\/fr\/wp-json\/wp\/v2\/pages"}],"about":[{"href":"https:\/\/elchorrito.es\/fr\/wp-json\/wp\/v2\/types\/page"}],"author":[{"embeddable":true,"href":"https:\/\/elchorrito.es\/fr\/wp-json\/wp\/v2\/users\/1"}],"replies":[{"embeddable":true,"href":"https:\/\/elchorrito.es\/fr\/wp-json\/wp\/v2\/comments?post=57130"}],"version-history":[{"count":0,"href":"https:\/\/elchorrito.es\/fr\/wp-json\/wp\/v2\/pages\/57130\/revisions"}],"wp:featuredmedia":[{"embeddable":true,"href":"https:\/\/elchorrito.es\/fr\/wp-json\/wp\/v2\/media\/53336"}],"wp:attachment":[{"href":"https:\/\/elchorrito.es\/fr\/wp-json\/wp\/v2\/media?parent=57130"}],"curies":[{"name":"wp","href":"https:\/\/api.w.org\/{rel}","templated":true}]}}